{"id":24989,"date":"2026-01-19T17:31:19","date_gmt":"2026-01-19T17:31:19","guid":{"rendered":"https:\/\/www.atozdubai.com\/?page_id=24989"},"modified":"2026-02-02T15:46:23","modified_gmt":"2026-02-02T15:46:23","slug":"our-team","status":"publish","type":"page","link":"https:\/\/www.atozdubai.com\/de\/our-team\/","title":{"rendered":"Unser Team"},"content":{"rendered":"<div data-elementor-type=\"wp-page\" data-elementor-id=\"24989\" class=\"elementor elementor-24989\" data-elementor-post-type=\"page\">\n\t\t\t\t<div class=\"elementor-element elementor-element-575723c e-con-full e-flex wpr-particle-no wpr-jarallax-no wpr-parallax-no wpr-sticky-section-no e-con e-parent\" data-id=\"575723c\" data-element_type=\"container\" data-e-type=\"container\" data-settings=\"{&quot;background_background&quot;:&quot;classic&quot;}\">\n\t\t\t\t<div class=\"elementor-element elementor-element-093998f elementor-widget elementor-widget-heading\" data-id=\"093998f\" data-element_type=\"widget\" data-e-type=\"widget\" data-widget_type=\"heading.default\">\n\t\t\t\t\t<h1 class=\"elementor-heading-title elementor-size-default\">Unser Team<\/h1>\t\t\t\t<\/div>\n\t\t\t\t<\/div>\n\t\t\t\t<section class=\"elementor-section elementor-top-section elementor-element elementor-element-59e0f58 elementor-section-stretched elementor-section-full_width elementor-section-height-default elementor-section-height-default wpr-particle-no wpr-jarallax-no wpr-parallax-no wpr-sticky-section-no\" data-id=\"59e0f58\" data-element_type=\"section\" data-e-type=\"section\" data-settings=\"{&quot;stretch_section&quot;:&quot;section-stretched&quot;,&quot;background_background&quot;:&quot;classic&quot;}\">\n\t\t\t\t\t\t<div class=\"elementor-container elementor-column-gap-no\">\n\t\t\t\t\t<div class=\"elementor-column elementor-col-100 elementor-top-column elementor-element elementor-element-601f843\" data-id=\"601f843\" data-element_type=\"column\" data-e-type=\"column\" data-settings=\"{&quot;background_background&quot;:&quot;classic&quot;}\">\n\t\t\t<div class=\"elementor-widget-wrap elementor-element-populated\">\n\t\t\t\t\t\t<section class=\"elementor-section elementor-inner-section elementor-element elementor-element-0a06a86 elementor-section-content-middle elementor-section-full_width elementor-section-height-default elementor-section-height-default wpr-particle-no wpr-jarallax-no wpr-parallax-no wpr-sticky-section-no\" data-id=\"0a06a86\" data-element_type=\"section\" data-e-type=\"section\">\n\t\t\t\t\t\t<div class=\"elementor-container elementor-column-gap-extended\">\n\t\t\t\t\t<div class=\"elementor-column elementor-col-50 elementor-inner-column elementor-element elementor-element-cb585d4 elementor-invisible\" data-id=\"cb585d4\" data-element_type=\"column\" data-e-type=\"column\" data-settings=\"{&quot;animation&quot;:&quot;slide-up&quot;}\">\n\t\t\t<div class=\"elementor-widget-wrap elementor-element-populated\">\n\t\t\t\t\t\t<div class=\"elementor-element elementor-element-41baf10 elementor-widget elementor-widget-heading\" data-id=\"41baf10\" data-element_type=\"widget\" data-e-type=\"widget\" data-widget_type=\"heading.default\">\n\t\t\t\t\t<h2 class=\"elementor-heading-title elementor-size-default\">MEET THE TEAM<\/h2>\t\t\t\t<\/div>\n\t\t\t\t<div class=\"elementor-element elementor-element-10615f3 elementor-widget elementor-widget-heading\" data-id=\"10615f3\" data-element_type=\"widget\" data-e-type=\"widget\" data-widget_type=\"heading.default\">\n\t\t\t\t\t<h2 class=\"elementor-heading-title elementor-size-default\">OF A TO Z DUBAI<\/h2>\t\t\t\t<\/div>\n\t\t\t\t\t<\/div>\n\t\t<\/div>\n\t\t\t\t<div class=\"elementor-column elementor-col-50 elementor-inner-column elementor-element elementor-element-39ab08d\" data-id=\"39ab08d\" data-element_type=\"column\" data-e-type=\"column\">\n\t\t\t<div class=\"elementor-widget-wrap elementor-element-populated\">\n\t\t\t\t\t\t<div class=\"elementor-element elementor-element-fb6519a elementor-invisible elementor-widget elementor-widget-text-editor\" data-id=\"fb6519a\" data-element_type=\"widget\" data-e-type=\"widget\" data-settings=\"{&quot;_animation&quot;:&quot;slide-up&quot;,&quot;_animation_delay&quot;:150}\" data-widget_type=\"text-editor.default\">\n\t\t\t\t\t\t\t\t\t<p data-start=\"98\" data-end=\"453\">Hinter A To Z Dubai steht ein engagiertes Team vonv Immobilienexperten, vereint durch Fachkompetenz, Integrit\u00e4t und einen klaren Fokus auf den Kunden. Mit fundierter Marktkenntnis und dem Anspruch auf h\u00f6chste Qualit\u00e4t arbeitet unser Team eng zusammen, um nahtlose Abl\u00e4ufe und verl\u00e4ssliche Beratung in jeder Phase der Immobilienreise zu gew\u00e4hrleisten.<\/p>\t\t\t\t\t\t\t\t<\/div>\n\t\t\t\t\t<\/div>\n\t\t<\/div>\n\t\t\t\t\t<\/div>\n\t\t<\/section>\n\t\t\t\t\t<\/div>\n\t\t<\/div>\n\t\t\t\t\t<\/div>\n\t\t<\/section>\n\t\t\t\t<section class=\"elementor-section elementor-top-section elementor-element elementor-element-3a1eb2c1 elementor-section-stretched elementor-section-content-middle elementor-section-full_width elementor-section-height-default elementor-section-height-default wpr-particle-no wpr-jarallax-no wpr-parallax-no wpr-sticky-section-no\" data-id=\"3a1eb2c1\" data-element_type=\"section\" data-e-type=\"section\" data-settings=\"{&quot;stretch_section&quot;:&quot;section-stretched&quot;,&quot;background_background&quot;:&quot;classic&quot;}\">\n\t\t\t\t\t\t<div class=\"elementor-container elementor-column-gap-extended\">\n\t\t\t\t\t<div class=\"elementor-column elementor-col-25 elementor-top-column elementor-element elementor-element-7c7d482\" data-id=\"7c7d482\" data-element_type=\"column\" data-e-type=\"column\" data-settings=\"{&quot;background_background&quot;:&quot;classic&quot;}\">\n\t\t\t<div class=\"elementor-widget-wrap elementor-element-populated\">\n\t\t\t\t\t\t<div class=\"elementor-element elementor-element-bf2cb90 elementor-widget elementor-widget-image\" data-id=\"bf2cb90\" data-element_type=\"widget\" data-e-type=\"widget\" data-widget_type=\"image.default\">\n\t\t\t\t\t\t\t\t\t\t\t\t\t\t\t<img fetchpriority=\"high\" decoding=\"async\" width=\"800\" height=\"1000\" src=\"https:\/\/www.atozdubai.com\/wp-content\/uploads\/2026\/02\/Arpi.jpg\" class=\"attachment-full size-full wp-image-26860\" alt=\"\" srcset=\"\" \/>\t\t\t\t\t\t\t\t\t\t\t\t\t\t\t<\/div>\n\t\t\t\t<div class=\"elementor-element elementor-element-5532ed2 elementor-invisible elementor-widget elementor-widget-heading\" data-id=\"5532ed2\" data-element_type=\"widget\" data-e-type=\"widget\" data-settings=\"{&quot;_animation&quot;:&quot;slide-up&quot;}\" data-widget_type=\"heading.default\">\n\t\t\t\t\t<h2 class=\"elementor-heading-title elementor-size-default\">Apri Danlian<\/h2>\t\t\t\t<\/div>\n\t\t\t\t<div class=\"elementor-element elementor-element-3b9a89a elementor-invisible elementor-widget elementor-widget-text-editor\" data-id=\"3b9a89a\" data-element_type=\"widget\" data-e-type=\"widget\" data-settings=\"{&quot;_animation&quot;:&quot;slide-up&quot;,&quot;_animation_delay&quot;:200}\" data-widget_type=\"text-editor.default\">\n\t\t\t\t\t\t\t\t\t<p>FOUNDER &amp; CEO<\/p>\t\t\t\t\t\t\t\t<\/div>\n\t\t\t\t\t<\/div>\n\t\t<\/div>\n\t\t\t\t<div class=\"elementor-column elementor-col-25 elementor-top-column elementor-element elementor-element-4b061460\" data-id=\"4b061460\" data-element_type=\"column\" data-e-type=\"column\" data-settings=\"{&quot;background_background&quot;:&quot;classic&quot;}\">\n\t\t\t<div class=\"elementor-widget-wrap elementor-element-populated\">\n\t\t\t\t\t\t<div class=\"elementor-element elementor-element-5296d92 elementor-widget elementor-widget-image\" data-id=\"5296d92\" data-element_type=\"widget\" data-e-type=\"widget\" data-widget_type=\"image.default\">\n\t\t\t\t\t\t\t\t\t\t\t\t\t\t\t<img decoding=\"async\" width=\"800\" height=\"1000\" src=\"https:\/\/www.atozdubai.com\/wp-content\/uploads\/2026\/02\/Zainab-1.jpg\" class=\"attachment-full size-full wp-image-26867\" alt=\"\" srcset=\"\" \/>\t\t\t\t\t\t\t\t\t\t\t\t\t\t\t<\/div>\n\t\t\t\t<div class=\"elementor-element elementor-element-22c58ed6 elementor-invisible elementor-widget elementor-widget-heading\" data-id=\"22c58ed6\" data-element_type=\"widget\" data-e-type=\"widget\" data-settings=\"{&quot;_animation&quot;:&quot;slide-up&quot;}\" data-widget_type=\"heading.default\">\n\t\t\t\t\t<h3 class=\"elementor-heading-title elementor-size-default\">Zainab Mohmand<\/h3>\t\t\t\t<\/div>\n\t\t\t\t<div class=\"elementor-element elementor-element-48471253 elementor-invisible elementor-widget elementor-widget-text-editor\" data-id=\"48471253\" data-element_type=\"widget\" data-e-type=\"widget\" data-settings=\"{&quot;_animation&quot;:&quot;slide-up&quot;,&quot;_animation_delay&quot;:200}\" data-widget_type=\"text-editor.default\">\n\t\t\t\t\t\t\t\t\t<p>FOUNDER &amp; CEO<\/p>\t\t\t\t\t\t\t\t<\/div>\n\t\t\t\t\t<\/div>\n\t\t<\/div>\n\t\t\t\t<div class=\"elementor-column elementor-col-25 elementor-top-column elementor-element elementor-element-673d130\" data-id=\"673d130\" data-element_type=\"column\" data-e-type=\"column\" data-settings=\"{&quot;background_background&quot;:&quot;classic&quot;}\">\n\t\t\t<div class=\"elementor-widget-wrap elementor-element-populated\">\n\t\t\t\t\t\t<div class=\"elementor-element elementor-element-d366a81 elementor-widget elementor-widget-image\" data-id=\"d366a81\" data-element_type=\"widget\" data-e-type=\"widget\" data-widget_type=\"image.default\">\n\t\t\t\t\t\t\t\t\t\t\t\t\t\t\t<img decoding=\"async\" width=\"800\" height=\"1000\" src=\"https:\/\/www.atozdubai.com\/wp-content\/uploads\/2026\/02\/Zoe.jpg\" class=\"attachment-full size-full wp-image-26863\" alt=\"\" srcset=\"\" \/>\t\t\t\t\t\t\t\t\t\t\t\t\t\t\t<\/div>\n\t\t\t\t<div class=\"elementor-element elementor-element-aaa8b68 elementor-invisible elementor-widget elementor-widget-heading\" data-id=\"aaa8b68\" data-element_type=\"widget\" data-e-type=\"widget\" data-settings=\"{&quot;_animation&quot;:&quot;slide-up&quot;}\" data-widget_type=\"heading.default\">\n\t\t\t\t\t<h2 class=\"elementor-heading-title elementor-size-default\">Zoe Klucznik<\/h2>\t\t\t\t<\/div>\n\t\t\t\t<div class=\"elementor-element elementor-element-25abf06 elementor-invisible elementor-widget elementor-widget-text-editor\" data-id=\"25abf06\" data-element_type=\"widget\" data-e-type=\"widget\" data-settings=\"{&quot;_animation&quot;:&quot;slide-up&quot;,&quot;_animation_delay&quot;:200}\" data-widget_type=\"text-editor.default\">\n\t\t\t\t\t\t\t\t\t<p>PROPERTY ADVISOR<\/p>\t\t\t\t\t\t\t\t<\/div>\n\t\t\t\t\t<\/div>\n\t\t<\/div>\n\t\t\t\t<div class=\"elementor-column elementor-col-25 elementor-top-column elementor-element elementor-element-af8c3cb\" data-id=\"af8c3cb\" data-element_type=\"column\" data-e-type=\"column\" data-settings=\"{&quot;background_background&quot;:&quot;classic&quot;}\">\n\t\t\t<div class=\"elementor-widget-wrap elementor-element-populated\">\n\t\t\t\t\t\t<div class=\"elementor-element elementor-element-3ee1682 elementor-widget elementor-widget-image\" data-id=\"3ee1682\" data-element_type=\"widget\" data-e-type=\"widget\" data-widget_type=\"image.default\">\n\t\t\t\t\t\t\t\t\t\t\t\t\t\t\t<img loading=\"lazy\" decoding=\"async\" width=\"800\" height=\"1000\" src=\"https:\/\/www.atozdubai.com\/wp-content\/uploads\/2026\/02\/Tolga.jpg\" class=\"attachment-full size-full wp-image-26861\" alt=\"\" srcset=\"\" \/>\t\t\t\t\t\t\t\t\t\t\t\t\t\t\t<\/div>\n\t\t\t\t<div class=\"elementor-element elementor-element-3d7d6b5 elementor-invisible elementor-widget elementor-widget-heading\" data-id=\"3d7d6b5\" data-element_type=\"widget\" data-e-type=\"widget\" data-settings=\"{&quot;_animation&quot;:&quot;slide-up&quot;}\" data-widget_type=\"heading.default\">\n\t\t\t\t\t<h2 class=\"elementor-heading-title elementor-size-default\">Tolga Usanmaz\n<\/h2>\t\t\t\t<\/div>\n\t\t\t\t<div class=\"elementor-element elementor-element-acb18b5 elementor-invisible elementor-widget elementor-widget-text-editor\" data-id=\"acb18b5\" data-element_type=\"widget\" data-e-type=\"widget\" data-settings=\"{&quot;_animation&quot;:&quot;slide-up&quot;,&quot;_animation_delay&quot;:200}\" data-widget_type=\"text-editor.default\">\n\t\t\t\t\t\t\t\t\t<p>PROPERTY ADVISOR<\/p>\t\t\t\t\t\t\t\t<\/div>\n\t\t\t\t\t<\/div>\n\t\t<\/div>\n\t\t\t\t\t<\/div>\n\t\t<\/section>\n\t\t\t\t<section class=\"elementor-section elementor-top-section elementor-element elementor-element-7078cee7 elementor-section-content-middle elementor-section-stretched elementor-section-boxed elementor-section-height-default elementor-section-height-default wpr-particle-no wpr-jarallax-no wpr-parallax-no wpr-sticky-section-no\" data-id=\"7078cee7\" data-element_type=\"section\" data-e-type=\"section\" data-settings=\"{&quot;background_background&quot;:&quot;classic&quot;,&quot;stretch_section&quot;:&quot;section-stretched&quot;}\">\n\t\t\t\t\t\t\t<div class=\"elementor-background-overlay\"><\/div>\n\t\t\t\t\t\t\t<div class=\"elementor-container elementor-column-gap-extended\">\n\t\t\t\t\t<div class=\"elementor-column elementor-col-50 elementor-top-column elementor-element elementor-element-2eccb3f8 elementor-invisible\" data-id=\"2eccb3f8\" data-element_type=\"column\" data-e-type=\"column\" data-settings=\"{&quot;animation&quot;:&quot;slide-up&quot;}\">\n\t\t\t<div class=\"elementor-widget-wrap elementor-element-populated\">\n\t\t\t\t\t\t<div class=\"elementor-element elementor-element-4dd3d119 elementor-widget elementor-widget-heading\" data-id=\"4dd3d119\" data-element_type=\"widget\" data-e-type=\"widget\" data-widget_type=\"heading.default\">\n\t\t\t\t\t<h2 class=\"elementor-heading-title elementor-size-default\">BOOK A VIEWING<\/h2>\t\t\t\t<\/div>\n\t\t\t\t<div class=\"elementor-element elementor-element-51fe31d1 elementor-widget elementor-widget-text-editor\" data-id=\"51fe31d1\" data-element_type=\"widget\" data-e-type=\"widget\" data-widget_type=\"text-editor.default\">\n\t\t\t\t\t\t\t\t\t<p>Erleben Sie Dubais exklusivste Wohnimmobilien bei einer pers\u00f6nlich auf Sie zugeschnittenen Besichtigung.<\/p>\t\t\t\t\t\t\t\t<\/div>\n\t\t\t\t\t<\/div>\n\t\t<\/div>\n\t\t\t\t<div class=\"elementor-column elementor-col-50 elementor-top-column elementor-element elementor-element-601501ba\" data-id=\"601501ba\" data-element_type=\"column\" data-e-type=\"column\">\n\t\t\t<div class=\"elementor-widget-wrap elementor-element-populated\">\n\t\t\t\t\t\t<div class=\"elementor-element elementor-element-7bea48e0 elementor-align-right elementor-mobile-align-center elementor-invisible elementor-widget elementor-widget-button\" data-id=\"7bea48e0\" data-element_type=\"widget\" data-e-type=\"widget\" data-settings=\"{&quot;_animation&quot;:&quot;scale&quot;,&quot;_animation_delay&quot;:200}\" data-widget_type=\"button.default\">\n\t\t\t\t\t\t\t\t\t\t<a class=\"elementor-button elementor-button-link elementor-size-sm\" href=\"https:\/\/www.atozdubai.com\/de\/contact-us\/\">\n\t\t\t\t\t\t<span class=\"elementor-button-content-wrapper\">\n\t\t\t\t\t\t\t\t\t<span class=\"elementor-button-text\">Kontakt<\/span>\n\t\t\t\t\t<\/span>\n\t\t\t\t\t<\/a>\n\t\t\t\t\t\t\t\t<\/div>\n\t\t\t\t\t<\/div>\n\t\t<\/div>\n\t\t\t\t\t<\/div>\n\t\t<\/section>\n\t\t\t\t<\/div>","protected":false},"excerpt":{"rendered":"<p>Our Team MEET THE TEAM OF A TO Z DUBAI Behind A To Z Dubai is a dedicated team of real estate professionals united by expertise, integrity, and a client-first approach. With deep market knowledge and a commitment to excellence, our team works collaboratively to deliver seamless experiences and trusted guidance at every stage of the real estate journey. Apri Danlian FOUNDER &amp; CEO Zainab Mohmand FOUNDER &amp; CEO Zoe Klucznik PROPERTY ADVISOR Tolga Usanmaz PROPERTY ADVISOR BOOK A VIEWING Experience Dubai\u2019s finest residences with a guided visit designed exclusively for you. Contact us<\/p>","protected":false},"author":1,"featured_media":25474,"parent":0,"menu_order":0,"comment_status":"closed","ping_status":"closed","template":"elementor_header_footer","meta":{"content-type":"","footnotes":""},"class_list":["post-24989","page","type-page","status-publish","has-post-thumbnail","hentry"],"yoast_head":"<!-- This site is optimized with the Yoast SEO plugin v27.1.1 - https:\/\/yoast.com\/product\/yoast-seo-wordpress\/ -->\n<title>Dubai Real Estate Agents | Meet the A to Z Dubai Team<\/title>\n<meta name=\"description\" content=\"Meet the A to Z Dubai team of real estate experts providing tailored consulting and premium service across Dubai\u2019s property market.\" \/>\n<meta name=\"robots\" content=\"index, follow, max-snippet:-1, max-image-preview:large, max-video-preview:-1\" \/>\n<link rel=\"canonical\" href=\"https:\/\/www.atozdubai.com\/de\/our-team\/\" \/>\n<meta property=\"og:locale\" content=\"de_DE\" \/>\n<meta property=\"og:type\" content=\"article\" \/>\n<meta property=\"og:title\" content=\"Dubai Real Estate Agents | Meet the A to Z Dubai Team\" \/>\n<meta property=\"og:description\" content=\"Meet the A to Z Dubai team of real estate experts providing tailored consulting and premium service across Dubai\u2019s property market.\" \/>\n<meta property=\"og:url\" content=\"https:\/\/www.atozdubai.com\/de\/our-team\/\" \/>\n<meta property=\"og:site_name\" content=\"A to Z Dubai\" \/>\n<meta property=\"article:modified_time\" content=\"2026-02-02T15:46:23+00:00\" \/>\n<meta property=\"og:image\" content=\"https:\/\/www.atozdubai.com\/wp-content\/uploads\/2026\/01\/logo-neu.png\" \/>\n\t<meta property=\"og:image:width\" content=\"500\" \/>\n\t<meta property=\"og:image:height\" content=\"500\" \/>\n\t<meta property=\"og:image:type\" content=\"image\/png\" \/>\n<meta name=\"twitter:card\" content=\"summary_large_image\" \/>\n<meta name=\"twitter:label1\" content=\"Gesch\u00e4tzte Lesezeit\" \/>\n\t<meta name=\"twitter:data1\" content=\"1\u00a0Minute\" \/>\n<script type=\"application\/ld+json\" class=\"yoast-schema-graph\">{\"@context\":\"https:\/\/schema.org\",\"@graph\":[{\"@type\":\"WebPage\",\"@id\":\"https:\/\/www.atozdubai.com\/our-team\/\",\"url\":\"https:\/\/www.atozdubai.com\/our-team\/\",\"name\":\"Dubai Real Estate Agents | Meet the A to Z Dubai Team\",\"isPartOf\":{\"@id\":\"https:\/\/www.atozdubai.com\/#website\"},\"primaryImageOfPage\":{\"@id\":\"https:\/\/www.atozdubai.com\/our-team\/#primaryimage\"},\"image\":{\"@id\":\"https:\/\/www.atozdubai.com\/our-team\/#primaryimage\"},\"thumbnailUrl\":\"https:\/\/www.atozdubai.com\/wp-content\/uploads\/2026\/01\/logo-neu.png\",\"datePublished\":\"2026-01-19T17:31:19+00:00\",\"dateModified\":\"2026-02-02T15:46:23+00:00\",\"description\":\"Meet the A to Z Dubai team of real estate experts providing tailored consulting and premium service across Dubai\u2019s property market.\",\"breadcrumb\":{\"@id\":\"https:\/\/www.atozdubai.com\/our-team\/#breadcrumb\"},\"inLanguage\":\"de\",\"potentialAction\":[{\"@type\":\"ReadAction\",\"target\":[\"https:\/\/www.atozdubai.com\/our-team\/\"]}]},{\"@type\":\"ImageObject\",\"inLanguage\":\"de\",\"@id\":\"https:\/\/www.atozdubai.com\/our-team\/#primaryimage\",\"url\":\"https:\/\/www.atozdubai.com\/wp-content\/uploads\/2026\/01\/logo-neu.png\",\"contentUrl\":\"https:\/\/www.atozdubai.com\/wp-content\/uploads\/2026\/01\/logo-neu.png\",\"width\":500,\"height\":500},{\"@type\":\"BreadcrumbList\",\"@id\":\"https:\/\/www.atozdubai.com\/our-team\/#breadcrumb\",\"itemListElement\":[{\"@type\":\"ListItem\",\"position\":1,\"name\":\"Home\",\"item\":\"https:\/\/www.atozdubai.com\/\"},{\"@type\":\"ListItem\",\"position\":2,\"name\":\"Our Team\"}]},{\"@type\":\"WebSite\",\"@id\":\"https:\/\/www.atozdubai.com\/#website\",\"url\":\"https:\/\/www.atozdubai.com\/\",\"name\":\"A to Z Dubai\",\"description\":\"Dubai Luxury Real Estate\",\"publisher\":{\"@id\":\"https:\/\/www.atozdubai.com\/#organization\"},\"potentialAction\":[{\"@type\":\"SearchAction\",\"target\":{\"@type\":\"EntryPoint\",\"urlTemplate\":\"https:\/\/www.atozdubai.com\/?s={search_term_string}\"},\"query-input\":{\"@type\":\"PropertyValueSpecification\",\"valueRequired\":true,\"valueName\":\"search_term_string\"}}],\"inLanguage\":\"de\"},{\"@type\":\"Organization\",\"@id\":\"https:\/\/www.atozdubai.com\/#organization\",\"name\":\"A to Z Dubai\",\"url\":\"https:\/\/www.atozdubai.com\/\",\"logo\":{\"@type\":\"ImageObject\",\"inLanguage\":\"de\",\"@id\":\"https:\/\/www.atozdubai.com\/#\/schema\/logo\/image\/\",\"url\":\"https:\/\/www.atozdubai.com\/wp-content\/uploads\/2026\/01\/logo-neu.png\",\"contentUrl\":\"https:\/\/www.atozdubai.com\/wp-content\/uploads\/2026\/01\/logo-neu.png\",\"width\":500,\"height\":500,\"caption\":\"A to Z Dubai\"},\"image\":{\"@id\":\"https:\/\/www.atozdubai.com\/#\/schema\/logo\/image\/\"},\"sameAs\":[\"https:\/\/www.instagram.com\/atozrealestate.dubai\/\",\"https:\/\/www.youtube.com\/@AtoZ-DeinDubaiPodcast\"]}]}<\/script>\n<!-- \/ Yoast SEO plugin. -->","yoast_head_json":{"title":"Dubai Real Estate Agents | Meet the A to Z Dubai Team","description":"Meet the A to Z Dubai team of real estate experts providing tailored consulting and premium service across Dubai\u2019s property market.","robots":{"index":"index","follow":"follow","max-snippet":"max-snippet:-1","max-image-preview":"max-image-preview:large","max-video-preview":"max-video-preview:-1"},"canonical":"https:\/\/www.atozdubai.com\/de\/our-team\/","og_locale":"de_DE","og_type":"article","og_title":"Dubai Real Estate Agents | Meet the A to Z Dubai Team","og_description":"Meet the A to Z Dubai team of real estate experts providing tailored consulting and premium service across Dubai\u2019s property market.","og_url":"https:\/\/www.atozdubai.com\/de\/our-team\/","og_site_name":"A to Z Dubai","article_modified_time":"2026-02-02T15:46:23+00:00","og_image":[{"width":500,"height":500,"url":"https:\/\/www.atozdubai.com\/wp-content\/uploads\/2026\/01\/logo-neu.png","type":"image\/png"}],"twitter_card":"summary_large_image","twitter_misc":{"Gesch\u00e4tzte Lesezeit":"1\u00a0Minute"},"schema":{"@context":"https:\/\/schema.org","@graph":[{"@type":"WebPage","@id":"https:\/\/www.atozdubai.com\/our-team\/","url":"https:\/\/www.atozdubai.com\/our-team\/","name":"Dubai Real Estate Agents | Meet the A to Z Dubai Team","isPartOf":{"@id":"https:\/\/www.atozdubai.com\/#website"},"primaryImageOfPage":{"@id":"https:\/\/www.atozdubai.com\/our-team\/#primaryimage"},"image":{"@id":"https:\/\/www.atozdubai.com\/our-team\/#primaryimage"},"thumbnailUrl":"https:\/\/www.atozdubai.com\/wp-content\/uploads\/2026\/01\/logo-neu.png","datePublished":"2026-01-19T17:31:19+00:00","dateModified":"2026-02-02T15:46:23+00:00","description":"Meet the A to Z Dubai team of real estate experts providing tailored consulting and premium service across Dubai\u2019s property market.","breadcrumb":{"@id":"https:\/\/www.atozdubai.com\/our-team\/#breadcrumb"},"inLanguage":"de","potentialAction":[{"@type":"ReadAction","target":["https:\/\/www.atozdubai.com\/our-team\/"]}]},{"@type":"ImageObject","inLanguage":"de","@id":"https:\/\/www.atozdubai.com\/our-team\/#primaryimage","url":"https:\/\/www.atozdubai.com\/wp-content\/uploads\/2026\/01\/logo-neu.png","contentUrl":"https:\/\/www.atozdubai.com\/wp-content\/uploads\/2026\/01\/logo-neu.png","width":500,"height":500},{"@type":"BreadcrumbList","@id":"https:\/\/www.atozdubai.com\/our-team\/#breadcrumb","itemListElement":[{"@type":"ListItem","position":1,"name":"Home","item":"https:\/\/www.atozdubai.com\/"},{"@type":"ListItem","position":2,"name":"Our Team"}]},{"@type":"WebSite","@id":"https:\/\/www.atozdubai.com\/#website","url":"https:\/\/www.atozdubai.com\/","name":"A to Z Dubai","description":"Dubai Luxury Real Estate","publisher":{"@id":"https:\/\/www.atozdubai.com\/#organization"},"potentialAction":[{"@type":"SearchAction","target":{"@type":"EntryPoint","urlTemplate":"https:\/\/www.atozdubai.com\/?s={search_term_string}"},"query-input":{"@type":"PropertyValueSpecification","valueRequired":true,"valueName":"search_term_string"}}],"inLanguage":"de"},{"@type":"Organization","@id":"https:\/\/www.atozdubai.com\/#organization","name":"A to Z Dubai","url":"https:\/\/www.atozdubai.com\/","logo":{"@type":"ImageObject","inLanguage":"de","@id":"https:\/\/www.atozdubai.com\/#\/schema\/logo\/image\/","url":"https:\/\/www.atozdubai.com\/wp-content\/uploads\/2026\/01\/logo-neu.png","contentUrl":"https:\/\/www.atozdubai.com\/wp-content\/uploads\/2026\/01\/logo-neu.png","width":500,"height":500,"caption":"A to Z Dubai"},"image":{"@id":"https:\/\/www.atozdubai.com\/#\/schema\/logo\/image\/"},"sameAs":["https:\/\/www.instagram.com\/atozrealestate.dubai\/","https:\/\/www.youtube.com\/@AtoZ-DeinDubaiPodcast"]}]}},"_links":{"self":[{"href":"https:\/\/www.atozdubai.com\/de\/wp-json\/wp\/v2\/pages\/24989","targetHints":{"allow":["GET"]}}],"collection":[{"href":"https:\/\/www.atozdubai.com\/de\/wp-json\/wp\/v2\/pages"}],"about":[{"href":"https:\/\/www.atozdubai.com\/de\/wp-json\/wp\/v2\/types\/page"}],"author":[{"embeddable":true,"href":"https:\/\/www.atozdubai.com\/de\/wp-json\/wp\/v2\/users\/1"}],"replies":[{"embeddable":true,"href":"https:\/\/www.atozdubai.com\/de\/wp-json\/wp\/v2\/comments?post=24989"}],"version-history":[{"count":38,"href":"https:\/\/www.atozdubai.com\/de\/wp-json\/wp\/v2\/pages\/24989\/revisions"}],"predecessor-version":[{"id":26870,"href":"https:\/\/www.atozdubai.com\/de\/wp-json\/wp\/v2\/pages\/24989\/revisions\/26870"}],"wp:featuredmedia":[{"embeddable":true,"href":"https:\/\/www.atozdubai.com\/de\/wp-json\/wp\/v2\/media\/25474"}],"wp:attachment":[{"href":"https:\/\/www.atozdubai.com\/de\/wp-json\/wp\/v2\/media?parent=24989"}],"curies":[{"name":"wp","href":"https:\/\/api.w.org\/{rel}","templated":true}]}}